{"id":1108,"date":"2013-05-05T13:58:11","date_gmt":"2013-05-05T13:58:11","guid":{"rendered":"http:\/\/fsrpowi.de\/?page_id=1108"},"modified":"2021-05-27T12:03:58","modified_gmt":"2021-05-27T12:03:58","slug":"prufungsausschuss","status":"publish","type":"page","link":"http:\/\/fsrpowi.de\/?page_id=1108","title":{"rendered":"Pr\u00fcfungsausschuss"},"content":{"rendered":"<p><strong>Pr\u00fcfungsausschuss \u2013 1 studentische*r Vertreter*in<\/strong><\/p>\n<p>Der Pr\u00fcfungsausschuss behandelt haupts\u00e4chlich Fragen zur Anerkennung von Studienleistungen. Dies beinhaltet sowohl die Anerkennung von Modulen als auch die Behandlung von Plagiatsf\u00e4llen. Das Amt setzt eine intensive Besch\u00e4ftigung mit der Pr\u00fcfungsordnung voraus. Das ist auch f\u00fcr die Sprechstunde und Beratungen sehr hilfreich. Das Amt gibt dir gute Einsichten in Entwicklungen des Studiums sowie die Diskussionen drum herum und hilft, dir selbst Gedanken dar\u00fcber zu machen, was die Vor- und Nachteile von Freiheit und Pflichten der Selbstorganisation eines Studiums sind.<\/p>\n<p>Es findet 2-3 mal pro Semester ein Ausschusstreffen statt, dazu jeweils 1-2 Stunden Vorbereitung.<\/p>\n","protected":false},"excerpt":{"rendered":"<p>Pr\u00fcfungsausschuss \u2013 1 studentische*r Vertreter*in Der Pr\u00fcfungsausschuss behandelt haupts\u00e4chlich Fragen zur Anerkennung von Studienleistungen. Dies beinhaltet sowohl die Anerkennung von Modulen als auch die Behandlung von Plagiatsf\u00e4llen. Das Amt setzt eine intensive Besch\u00e4ftigung mit der Pr\u00fcfungsordnung voraus. Das ist auch f\u00fcr die Sprechstunde und Beratungen sehr hilfreich. Das Amt gibt dir gute Einsichten in Entwicklungen [&hellip;]<\/p>\n","protected":false},"author":20,"featured_media":0,"parent":8,"menu_order":0,"comment_status":"closed","ping_status":"open","template":"","meta":{"footnotes":""},"class_list":["post-1108","page","type-page","status-publish","hentry"],"_links":{"self":[{"href":"http:\/\/fsrpowi.de\/index.php?rest_route=\/wp\/v2\/pages\/1108","targetHints":{"allow":["GET"]}}],"collection":[{"href":"http:\/\/fsrpowi.de\/index.php?rest_route=\/wp\/v2\/pages"}],"about":[{"href":"http:\/\/fsrpowi.de\/index.php?rest_route=\/wp\/v2\/types\/page"}],"author":[{"embeddable":true,"href":"http:\/\/fsrpowi.de\/index.php?rest_route=\/wp\/v2\/users\/20"}],"replies":[{"embeddable":true,"href":"http:\/\/fsrpowi.de\/index.php?rest_route=%2Fwp%2Fv2%2Fcomments&post=1108"}],"version-history":[{"count":3,"href":"http:\/\/fsrpowi.de\/index.php?rest_route=\/wp\/v2\/pages\/1108\/revisions"}],"predecessor-version":[{"id":3115,"href":"http:\/\/fsrpowi.de\/index.php?rest_route=\/wp\/v2\/pages\/1108\/revisions\/3115"}],"up":[{"embeddable":true,"href":"http:\/\/fsrpowi.de\/index.php?rest_route=\/wp\/v2\/pages\/8"}],"wp:attachment":[{"href":"http:\/\/fsrpowi.de\/index.php?rest_route=%2Fwp%2Fv2%2Fmedia&parent=1108"}],"curies":[{"name":"wp","href":"https:\/\/api.w.org\/{rel}","templated":true}]}}