{"id":148,"date":"2011-11-13T00:20:01","date_gmt":"2011-11-13T00:20:01","guid":{"rendered":"http:\/\/fsrpowi.felixwordpress.s5.artos-hosting.de\/?page_id=148"},"modified":"2025-09-02T16:48:37","modified_gmt":"2025-09-02T16:48:37","slug":"was-ist-das","status":"publish","type":"page","link":"https:\/\/fsrpowi.de\/?page_id=148","title":{"rendered":"Dein FSR &amp; seine Arbeit"},"content":{"rendered":"<p><img decoding=\"async\" class=\"_19VoPo7qJu undefined\" src=\"https:\/\/previews.dropbox.com\/p\/thumb\/AAv1JsM69ihmXfWjn15loAJzMTMOvC6DbeAxkgtPqo4UdOf6smy1lxAwvji-dJbDQEmhU8btwIATIddqtTl_4w9190z1SLKl44totBj3PGIjjRhBgcArCV4ZgEF4p5mZxMn8GpVgj-A1RU-DgxXGEF-GqZYOmmKoY5Hi_0kSMfKz8rtTaBQI66HnCOgcAx6te5w3SxnutoCgKIgd6EOZlODmcT8hOYt93FuoYoVs1Oxmw9yNSNe90XAm6UKCkCa9PQrmzog2iQQOYambXjZMSnNHIuGJ6GAX6hNwHVgfaoLtlRxYtMK8wM4cF4vpc605I7fc8bpxH3JNU2sa-IBoyZFhPF-PtKpf2bEXMu8M8FGyCw\/p.jpeg?fv_content=true&amp;size_mode=5\" alt=\"\" data-test=\"fv-sdk-img-preview-full-size\" \/>Der Fachschaftsrat Politikwissenschaft ist die studentische Vertretung aller Studierenden, die in einem Studiengang am Institut f\u00fcr Politikwissenschaft studieren. Wir bestehen aus maximal 10 <a href=\"http:\/\/fsrpowi.de\/?page_id=150\">gew\u00e4hlten und weiteren kooptierten Mitgliedern<\/a>.<\/p>\n<p>Unsere wichtigste Aufgabe ist die (hochschul-)politische Vertretung studentischer Positionen in und neben den zahlreichen Gremien, die an der Universit\u00e4t Leipzig zu finden sind. Hierzu z\u00e4hlen auf Institutsebene der Institutsrat und der Pr\u00fcfungsausschuss, auf Fakult\u00e4tsebene die Studienkommission und der Fakult\u00e4tskonvent und \u2013rat und auf Universit\u00e4tsebene das StuRa-Plenum und jeweils kleinere Arbeitskreise. Hinzu kommen Aufgabenfelder wie \u00d6ffentlichkeitsarbeit, Veranstaltungsplanung, die Arbeit als <a href=\"https:\/\/fsrpowi.de\/?page_id=1093\">Vorsitzende*r und Finanzer*in<\/a> und ganz allgemein die Kommunikation mit Dozierenden und Mitarbeiter*innen des Instituts.<\/p>\n<p>Au\u00dferdem bieten wir euch gern Informationen und Hilfe rund um euer Studium, zu finden auf dieser Website, bei <a href=\"https:\/\/t.me\/+zYbFdadkTD9hNDJi\">Telegram<\/a>, \u00fcber <a href=\"https:\/\/www.instagram.com\/fsr_powi\/\">Instagram <\/a>und w\u00e4hrend einer individuell vereinbaren Sprechzeit.\u00a0 Auch k\u00f6nnen wir Euch organisatorisch bzw. finanziell bei spannenden (hochschul-)politischen Veranstaltungen und studentischen Projekten unterst\u00fctzen und veranstalten auch selbst gelegentlich Feierlichkeiten (auch mit anderen FSR\u00e4).<\/p>\n<p>All diese Themen werden in der w\u00f6chentlich stattfindenden Sitzung in entspannter und konstruktiver Atmosph\u00e4re gemeinsam besprochen. Unsere Arbeit lebt dabei vor allem vom pers\u00f6nlichen Engagement und besonders eurem Input, wobei Vorkenntnisse \u00fcberhaupt nicht notwendig sind!<\/p>\n<p>Neugierig geworden?! Dann komm zur n\u00e4chsten Sitzung (Montag um 19 Uhr im FSR Raum)! Jede*r ist willkommen, sich einzubringen!<\/p>\n","protected":false},"excerpt":{"rendered":"<p>Der Fachschaftsrat Politikwissenschaft ist die studentische Vertretung aller Studierenden, die in einem Studiengang am Institut f\u00fcr Politikwissenschaft studieren. Wir bestehen aus maximal 10 gew\u00e4hlten und weiteren kooptierten Mitgliedern. Unsere wichtigste Aufgabe ist die (hochschul-)politische Vertretung studentischer Positionen in und neben den zahlreichen Gremien, die an der Universit\u00e4t Leipzig zu finden sind. Hierzu z\u00e4hlen auf Institutsebene [&hellip;]<\/p>\n","protected":false},"author":20,"featured_media":0,"parent":981,"menu_order":0,"comment_status":"closed","ping_status":"closed","template":"","meta":{"footnotes":""},"class_list":["post-148","page","type-page","status-publish","hentry"],"_links":{"self":[{"href":"https:\/\/fsrpowi.de\/index.php?rest_route=\/wp\/v2\/pages\/148","targetHints":{"allow":["GET"]}}],"collection":[{"href":"https:\/\/fsrpowi.de\/index.php?rest_route=\/wp\/v2\/pages"}],"about":[{"href":"https:\/\/fsrpowi.de\/index.php?rest_route=\/wp\/v2\/types\/page"}],"author":[{"embeddable":true,"href":"https:\/\/fsrpowi.de\/index.php?rest_route=\/wp\/v2\/users\/20"}],"replies":[{"embeddable":true,"href":"https:\/\/fsrpowi.de\/index.php?rest_route=%2Fwp%2Fv2%2Fcomments&post=148"}],"version-history":[{"count":24,"href":"https:\/\/fsrpowi.de\/index.php?rest_route=\/wp\/v2\/pages\/148\/revisions"}],"predecessor-version":[{"id":4440,"href":"https:\/\/fsrpowi.de\/index.php?rest_route=\/wp\/v2\/pages\/148\/revisions\/4440"}],"up":[{"embeddable":true,"href":"https:\/\/fsrpowi.de\/index.php?rest_route=\/wp\/v2\/pages\/981"}],"wp:attachment":[{"href":"https:\/\/fsrpowi.de\/index.php?rest_route=%2Fwp%2Fv2%2Fmedia&parent=148"}],"curies":[{"name":"wp","href":"https:\/\/api.w.org\/{rel}","templated":true}]}}