{"id":159,"date":"2011-11-13T00:23:25","date_gmt":"2011-11-13T00:23:25","guid":{"rendered":"http:\/\/fsrpowi.felixwordpress.s5.artos-hosting.de\/?page_id=159"},"modified":"2021-06-01T08:01:47","modified_gmt":"2021-06-01T08:01:47","slug":"stura-plenum","status":"publish","type":"page","link":"https:\/\/fsrpowi.de\/?page_id=159","title":{"rendered":"StuRa-Plenum"},"content":{"rendered":"<p><strong>StuRa-Plenum \u2013 1 studentische*r Vertreter*in<\/strong><\/p>\n<p>Das StuRa-Plenum ist das h\u00f6chste Gremium der studentischen Selbstverwaltung, also des StudentInnenrats (StuRa). Es setzt sich zusammen aus 1-5 Vertreter*innen der Fachschaften, entsprechend der Anzahl der Studierenden (im Falle der Politikwissenschaft 2), den Gesch\u00e4ftsf\u00fchrer*innen und den Referent*innen des StuRa. Diese ca. 70 Menschen sind stimmberechtigt und entscheiden somit \u00fcber die Ausrichtung der StuRa-Arbeit, denn die Beschl\u00fcsse des Plenums sind f\u00fcr Gesch\u00e4ftsf\u00fchrer*innen und Referent*innen bindend.<\/p>\n<p>Doch sind die Sitzungen alle \u00f6ffentlich, sprich jede*r Studierende kann daran teilnehmen und hat sowohl Rede &#8211; als auch Antragsrecht.<\/p>\n<p>Diskutiert werden zahlreiche Themen. Die wichtigsten lassen sich in 4 Bereiche unterteilen, die da w\u00e4ren:<\/p>\n<p>1. Hochschulpolitik:<br \/>\nHier werden alle hochschulpolitischen Problemfelder diskutiert, seien sie an der Uni selbst, im Land, im Bund oder International von Relevanz.<\/p>\n<p>2. Finanzen der Studierendenschaft:<br \/>\nDer StuRa verwaltet die gesamten Finanzen der Studierendenschaft der Uni Leipzig. Die vorher im Haushaltsausschuss erarbeiteten Antr\u00e4ge werden im Plenum noch einmal besprochen und abgestimmt.<\/p>\n<p>3. Wahlen:<br \/>\nEigentlich gibt es immer etwas zu w\u00e4hlen, Referent*innen, Sprecher*innen, Mitglieder f\u00fcr verschiedene (StuRa)-Gremien und Beauftragte f\u00fcr dies und das. Immer wieder beliebt, da es im sonst etwas trockenen Plenum meistens f\u00fcr ein wenig Heiterkeit sorgt.<\/p>\n<p>4. Bearbeitung von Antr\u00e4gen an den StuRa:<br \/>\nDa alle Studierenden Antr\u00e4ge stellen k\u00f6nnen, gibt es immer wieder Antr\u00e4ge die bearbeitet werden m\u00fcssen, auch wenn viele der Antr\u00e4ge sich in eines der anderen Felder einordnen lassen.<\/p>\n<p>Die Sitzungen des Plenums finden in der Regel alle zwei Wochen Dienstag von 19 Uhr bis meist 24 Uhr statt.<\/p>\n","protected":false},"excerpt":{"rendered":"<p>StuRa-Plenum \u2013 1 studentische*r Vertreter*in Das StuRa-Plenum ist das h\u00f6chste Gremium der studentischen Selbstverwaltung, also des StudentInnenrats (StuRa). Es setzt sich zusammen aus 1-5 Vertreter*innen der Fachschaften, entsprechend der Anzahl der Studierenden (im Falle der Politikwissenschaft 2), den Gesch\u00e4ftsf\u00fchrer*innen und den Referent*innen des StuRa. Diese ca. 70 Menschen sind stimmberechtigt und entscheiden somit \u00fcber die [&hellip;]<\/p>\n","protected":false},"author":20,"featured_media":0,"parent":8,"menu_order":4,"comment_status":"closed","ping_status":"closed","template":"","meta":{"footnotes":""},"class_list":["post-159","page","type-page","status-publish","hentry"],"_links":{"self":[{"href":"https:\/\/fsrpowi.de\/index.php?rest_route=\/wp\/v2\/pages\/159","targetHints":{"allow":["GET"]}}],"collection":[{"href":"https:\/\/fsrpowi.de\/index.php?rest_route=\/wp\/v2\/pages"}],"about":[{"href":"https:\/\/fsrpowi.de\/index.php?rest_route=\/wp\/v2\/types\/page"}],"author":[{"embeddable":true,"href":"https:\/\/fsrpowi.de\/index.php?rest_route=\/wp\/v2\/users\/20"}],"replies":[{"embeddable":true,"href":"https:\/\/fsrpowi.de\/index.php?rest_route=%2Fwp%2Fv2%2Fcomments&post=159"}],"version-history":[{"count":5,"href":"https:\/\/fsrpowi.de\/index.php?rest_route=\/wp\/v2\/pages\/159\/revisions"}],"predecessor-version":[{"id":3137,"href":"https:\/\/fsrpowi.de\/index.php?rest_route=\/wp\/v2\/pages\/159\/revisions\/3137"}],"up":[{"embeddable":true,"href":"https:\/\/fsrpowi.de\/index.php?rest_route=\/wp\/v2\/pages\/8"}],"wp:attachment":[{"href":"https:\/\/fsrpowi.de\/index.php?rest_route=%2Fwp%2Fv2%2Fmedia&parent=159"}],"curies":[{"name":"wp","href":"https:\/\/api.w.org\/{rel}","templated":true}]}}