{"id":189,"date":"2011-11-13T00:39:46","date_gmt":"2011-11-13T00:39:46","guid":{"rendered":"http:\/\/fsrpowi.felixwordpress.s5.artos-hosting.de\/?page_id=189"},"modified":"2025-09-02T16:50:59","modified_gmt":"2025-09-02T16:50:59","slug":"impressum","status":"publish","type":"page","link":"https:\/\/fsrpowi.de\/?page_id=189","title":{"rendered":"Impressum"},"content":{"rendered":"<p>Institut f\u00fcr Politikwissenschaft<br \/>\nFachschaftsrat<br \/>\nBeethovenstra\u00dfe 15<br \/>\n04107 Leipzig<\/p>\n<p>E-Mail: vorstand@fsrpowi.de<\/p>\n<p><strong>Inhaltlich Verantwortliche<\/strong>\u00a0gem\u00e4\u00df \u00a7 10 Absatz 3 MDStV:<\/p>\n<p>Leonie Hiller &amp; Lea Junginger<\/p>\n<p><strong><strong>Haftungshinweis:<\/strong> Trotz sorgf\u00e4ltiger inhaltlicher Kontrolle \u00fcbernehmen wir keine Haftung f\u00fcr die Inhalte externer Links. F\u00fcr den Inhalt der verlinkten Seiten sind ausschlie\u00dflich deren Betreiber verantwortlich.<\/strong><\/p>\n","protected":false},"excerpt":{"rendered":"<p>Institut f\u00fcr Politikwissenschaft Fachschaftsrat Beethovenstra\u00dfe 15 04107 Leipzig E-Mail: vorstand@fsrpowi.de Inhaltlich Verantwortliche\u00a0gem\u00e4\u00df \u00a7 10 Absatz 3 MDStV: Leonie Hiller &amp; Lea Junginger Haftungshinweis: Trotz sorgf\u00e4ltiger inhaltlicher Kontrolle \u00fcbernehmen wir keine Haftung f\u00fcr die Inhalte externer Links. F\u00fcr den Inhalt der verlinkten Seiten sind ausschlie\u00dflich deren Betreiber verantwortlich.<\/p>\n","protected":false},"author":23,"featured_media":0,"parent":14,"menu_order":3,"comment_status":"closed","ping_status":"open","template":"","meta":{"footnotes":""},"class_list":["post-189","page","type-page","status-publish","hentry"],"_links":{"self":[{"href":"https:\/\/fsrpowi.de\/index.php?rest_route=\/wp\/v2\/pages\/189","targetHints":{"allow":["GET"]}}],"collection":[{"href":"https:\/\/fsrpowi.de\/index.php?rest_route=\/wp\/v2\/pages"}],"about":[{"href":"https:\/\/fsrpowi.de\/index.php?rest_route=\/wp\/v2\/types\/page"}],"author":[{"embeddable":true,"href":"https:\/\/fsrpowi.de\/index.php?rest_route=\/wp\/v2\/users\/23"}],"replies":[{"embeddable":true,"href":"https:\/\/fsrpowi.de\/index.php?rest_route=%2Fwp%2Fv2%2Fcomments&post=189"}],"version-history":[{"count":15,"href":"https:\/\/fsrpowi.de\/index.php?rest_route=\/wp\/v2\/pages\/189\/revisions"}],"predecessor-version":[{"id":4442,"href":"https:\/\/fsrpowi.de\/index.php?rest_route=\/wp\/v2\/pages\/189\/revisions\/4442"}],"up":[{"embeddable":true,"href":"https:\/\/fsrpowi.de\/index.php?rest_route=\/wp\/v2\/pages\/14"}],"wp:attachment":[{"href":"https:\/\/fsrpowi.de\/index.php?rest_route=%2Fwp%2Fv2%2Fmedia&parent=189"}],"curies":[{"name":"wp","href":"https:\/\/api.w.org\/{rel}","templated":true}]}}