{"id":2033,"date":"2017-06-30T13:29:34","date_gmt":"2017-06-30T13:29:34","guid":{"rendered":"http:\/\/fsrpowi.de\/?page_id=2033"},"modified":"2025-09-18T11:43:25","modified_gmt":"2025-09-18T11:43:25","slug":"projektfoerderung","status":"publish","type":"page","link":"https:\/\/fsrpowi.de\/?page_id=2033","title":{"rendered":"Projektf\u00f6rderung"},"content":{"rendered":"<p>Der Fachschaftsrat bietet die M\u00f6glichkeit, studentische Projekte ideell und auch mit helfender Hand zu unterst\u00fctzen. Kommt also mit euren Ideen immer gern zu uns! Um bei begrenzten Finanzen m\u00f6glichst viele eurer Projekte f\u00f6rdern zu k\u00f6nnen, haben wir eine <strong>maximale F\u00f6rdersumme von 100\u20ac pro Projekt<\/strong> beschlossen.<\/p>\n<p>Besonders wichtig f\u00fcr die F\u00f6rderung ist der <strong>Antrag auf Projektfo\u0308rderung (<a href=\"http:\/\/fsrpowi.de\/wp-content\/uploads\/2025\/09\/Vorlage_-pdf.pdf\">Vorlage_ pdf<\/a>, <a href=\"http:\/\/fsrpowi.de\/wp-content\/uploads\/2025\/09\/Vorlage_-doc.docx\">Vorlage_ doc<\/a>),<\/strong> den ihr f\u00fcr eine m\u00f6glichst rasche Bearbeitung sp\u00e4testens am Tag vor der FSR-Sitzung (im Semester montags 19 Uhr) <strong>per Mail an vorstand@fsrpowi.de<\/strong>\u00a0senden solltet. Hier habt ihr Raum, das Projekt und die Finanzierung vorzustellen, und werdet \u00fcber die Richtlinien zur F\u00f6rderung aufgekl\u00e4rt. Au\u00dferdem laden wir i.d.R. alle Antragsteller*innen zu unserem Plenum ein, wo ihr euer Projekt noch einmal vorstellen und ggf. unsere R\u00fcckfragen beantworten k\u00f6nnt. Im Anschluss stimmen wir geheim \u00fcber euren Antrag ab und teilen euch das Ergebnis mit. <strong>Gern bewerben wir von uns gef\u00f6rderte Veranstaltungen<\/strong> auch auf Instagram! Schickt uns daf\u00fcr das Werbematerial einfach per DM. Wir stellen auch unser Logo zur Verf\u00fcgung, damit ihr dieses in eure Werbematerialien aufnehmen k\u00f6nnt.<!--more--><\/p>\n<p>Weiterhin gibt es einige <strong>Grunds\u00e4tze<\/strong>, die beachtet werden m\u00fcssen:<br \/>\nStudentische Gelder d\u00fcrfen nicht f\u00fcr die F\u00f6rderung der Lehre verwendet werden, da es sich dabei um eine universit\u00e4re Aufgabe handelt. Es besteht jedoch die M\u00f6glichkeit, dass Abschlussarbeiten unseres Instituts, die in besonderem studentischen Interesse sind, durch den Fachschaftsrat gef\u00f6rdert werden. Verwendet daf\u00fcr ebenfalls das obige Formular. Au\u00dferdem f\u00f6rdern wir selbstverst\u00e4ndlich keine Projekte, die in irgendeiner Weise diskriminierend sind und wir achten auf gewisse \u00f6kologische und soziale Grunds\u00e4tze (Recyclingpapier, Arbeitsbedingungen, etc.). Dar\u00fcber hinaus begr\u00fc\u00dfen wir es, wenn bei Veranstaltungen immer Awareness mitgedacht wird und geschultes Awareness-Personal (z.B. von der BeeAware AG) anwesend ist!<\/p>\n<p>Falls ihr noch Fragen dazu habt, k\u00f6nnt ihr sie gerne per Mail stellen! Weitere Informationen und Details findet ihr <a href=\"http:\/\/fsrpowi.de\/wp-content\/uploads\/2017\/06\/Leitlinien-Finanzantr\u00e4ge.pdf\">in den Leitlinien des Student_innenRats<\/a>.<\/p>\n","protected":false},"excerpt":{"rendered":"<p>Der Fachschaftsrat bietet die M\u00f6glichkeit, studentische Projekte ideell und auch mit helfender Hand zu unterst\u00fctzen. Kommt also mit euren Ideen immer gern zu uns! Um bei begrenzten Finanzen m\u00f6glichst viele eurer Projekte f\u00f6rdern zu k\u00f6nnen, haben wir eine maximale F\u00f6rdersumme von 100\u20ac pro Projekt beschlossen. Besonders wichtig f\u00fcr die F\u00f6rderung ist der Antrag auf Projektfo\u0308rderung [&hellip;]<\/p>\n","protected":false},"author":20,"featured_media":0,"parent":981,"menu_order":1,"comment_status":"closed","ping_status":"closed","template":"","meta":{"footnotes":""},"class_list":["post-2033","page","type-page","status-publish","hentry"],"_links":{"self":[{"href":"https:\/\/fsrpowi.de\/index.php?rest_route=\/wp\/v2\/pages\/2033","targetHints":{"allow":["GET"]}}],"collection":[{"href":"https:\/\/fsrpowi.de\/index.php?rest_route=\/wp\/v2\/pages"}],"about":[{"href":"https:\/\/fsrpowi.de\/index.php?rest_route=\/wp\/v2\/types\/page"}],"author":[{"embeddable":true,"href":"https:\/\/fsrpowi.de\/index.php?rest_route=\/wp\/v2\/users\/20"}],"replies":[{"embeddable":true,"href":"https:\/\/fsrpowi.de\/index.php?rest_route=%2Fwp%2Fv2%2Fcomments&post=2033"}],"version-history":[{"count":10,"href":"https:\/\/fsrpowi.de\/index.php?rest_route=\/wp\/v2\/pages\/2033\/revisions"}],"predecessor-version":[{"id":4490,"href":"https:\/\/fsrpowi.de\/index.php?rest_route=\/wp\/v2\/pages\/2033\/revisions\/4490"}],"up":[{"embeddable":true,"href":"https:\/\/fsrpowi.de\/index.php?rest_route=\/wp\/v2\/pages\/981"}],"wp:attachment":[{"href":"https:\/\/fsrpowi.de\/index.php?rest_route=%2Fwp%2Fv2%2Fmedia&parent=2033"}],"curies":[{"name":"wp","href":"https:\/\/api.w.org\/{rel}","templated":true}]}}