{"id":227,"date":"2011-11-17T22:22:34","date_gmt":"2011-11-17T22:22:34","guid":{"rendered":"http:\/\/fsrpowi.felixwordpress.s5.artos-hosting.de\/?page_id=227"},"modified":"2016-05-01T17:02:50","modified_gmt":"2016-05-01T17:02:50","slug":"sitzungsprotokolle","status":"publish","type":"page","link":"https:\/\/fsrpowi.de\/?page_id=227","title":{"rendered":"Sitzungsprotokolle"},"content":{"rendered":"<p>Bitte w\u00e4hle im Men\u00fc das gew\u00fcnschte Jahr aus.<\/p>\n","protected":false},"excerpt":{"rendered":"<p>Bitte w\u00e4hle im Men\u00fc das gew\u00fcnschte Jahr aus.<\/p>\n","protected":false},"author":20,"featured_media":0,"parent":0,"menu_order":3,"comment_status":"open","ping_status":"closed","template":"","meta":{"footnotes":""},"class_list":["post-227","page","type-page","status-publish","hentry"],"_links":{"self":[{"href":"https:\/\/fsrpowi.de\/index.php?rest_route=\/wp\/v2\/pages\/227","targetHints":{"allow":["GET"]}}],"collection":[{"href":"https:\/\/fsrpowi.de\/index.php?rest_route=\/wp\/v2\/pages"}],"about":[{"href":"https:\/\/fsrpowi.de\/index.php?rest_route=\/wp\/v2\/types\/page"}],"author":[{"embeddable":true,"href":"https:\/\/fsrpowi.de\/index.php?rest_route=\/wp\/v2\/users\/20"}],"replies":[{"embeddable":true,"href":"https:\/\/fsrpowi.de\/index.php?rest_route=%2Fwp%2Fv2%2Fcomments&post=227"}],"version-history":[{"count":7,"href":"https:\/\/fsrpowi.de\/index.php?rest_route=\/wp\/v2\/pages\/227\/revisions"}],"predecessor-version":[{"id":1666,"href":"https:\/\/fsrpowi.de\/index.php?rest_route=\/wp\/v2\/pages\/227\/revisions\/1666"}],"wp:attachment":[{"href":"https:\/\/fsrpowi.de\/index.php?rest_route=%2Fwp%2Fv2%2Fmedia&parent=227"}],"curies":[{"name":"wp","href":"https:\/\/api.w.org\/{rel}","templated":true}]}}