{"id":981,"date":"2011-11-12T23:38:11","date_gmt":"2011-11-12T23:38:11","guid":{"rendered":"http:\/\/fsrpowi.felixwordpress.s5.artos-hosting.de\/?page_id=5"},"modified":"2024-09-22T11:51:09","modified_gmt":"2024-09-22T11:51:09","slug":"fachschaftsrat","status":"publish","type":"page","link":"https:\/\/fsrpowi.de\/?page_id=981","title":{"rendered":"Fachschaftsrat"},"content":{"rendered":"<p><strong>Dein FSR und seine Arbeit<\/strong><\/p>\n<p>Der FSR Politikwissenschaft ist die studentische Vertretung aller Studierenden, die in einem Studiengang am Institut f\u00fcr Politikwissenschaft studieren. Wir bestehen aus maximal 10 gew\u00e4hlten und weiteren aktiven Mitgliedern.<\/p>\n<p>Unsere wichtigste Aufgabe ist die (hochschul-)politische Vertretung studentischer Positionen in und neben allen Gremien des Instituts (<a href=\"http:\/\/fsrpowi.de\/?page_id=157\">I-Rat<\/a>, <a href=\"http:\/\/fsrpowi.de\/?page_id=1108\">Pr\u00fcfungsausschuss<\/a>), der Fakult\u00e4t (<a href=\"http:\/\/fsrpowi.de\/?page_id=162\">StuKo<\/a>) und der Universit\u00e4t (<a href=\"http:\/\/fsrpowi.de\/?page_id=159\">StuRa-Plenum<\/a>). Hinzu kommen <a href=\"http:\/\/fsrpowi.de\/?page_id=1093\">FSR-\u00c4mter wie Vorsitzende*r und Finanzer*in<\/a>.<\/p>\n<p>Neben der (hochschul-)politischen Arbeit bieten wir auch umfassenden \u201aService\u2018 und n\u00fcchterne Funktionalit\u00e4t. Dazu z\u00e4hlen Informationen rund ums Studium, ein Internetforum, organisatorische bzw. finanzielle Unterst\u00fctzung f\u00fcr (hochschul-)politische Veranstaltungen und studentische Projekte, eine inzwischen beachtliche Datenbank f\u00fcr Abschlussarbeiten und gelegentlich ausschweifende Feierlichkeiten mit den \u00fcbrigen FSR\u00e4 der Fakult\u00e4t. Hinzu kommen Aufgabenfelder wie \u00d6ffentlichkeitsarbeit, Veranstaltungsplanung, Sitzungsleitung, Protokollf\u00fchrung und ganz allgemein die Kommunikation mit Dozierenden und Mitarbeiter*innen des Instituts.<\/p>\n<p>All diese Themen werden in einer w\u00f6chentlich stattfindenden Sitzung gemeinsam besprochen, f\u00fcr deren Gelingen wir uns um eine konstruktive, zielgerichtete aber auch respektvolle und entspannte Atmosph\u00e4re bem\u00fchen. Die Arbeit lebt dabei erstens vom pers\u00f6nlichen Engagement jedes Einzelnen (unabh\u00e4ngig von Vorkenntnissen oder Interessensgebieten) und zweitens von guter Teamarbeit.<\/p>\n<p>Um einen (vielleicht auch anstrengenden) Sitzungsabend ausklingen zu lassen, gehen wir ab und an nach der Sitzung noch gemeinsam was trinken und essen. Dabei lassen sich gem\u00fctliche Gespr\u00e4che f\u00fchren, gibt es die M\u00f6glichkeit, einander besser kennenzulernen und manchmal kommen dabei die besten Ideen zustande.<\/p>\n<p>Neugierig geworden?! Dann komm zur n\u00e4chsten Sitzung im Semester: Montags um 19 Uhr, GWZ Rau, 2.002\u00a0vorbei! Jede*r ist willkommen, sich einzubringen!<\/p>\n","protected":false},"excerpt":{"rendered":"<p>Dein FSR und seine Arbeit Der FSR Politikwissenschaft ist die studentische Vertretung aller Studierenden, die in einem Studiengang am Institut f\u00fcr Politikwissenschaft studieren. Wir bestehen aus maximal 10 gew\u00e4hlten und weiteren aktiven Mitgliedern. Unsere wichtigste Aufgabe ist die (hochschul-)politische Vertretung studentischer Positionen in und neben allen Gremien des Instituts (I-Rat, Pr\u00fcfungsausschuss), der Fakult\u00e4t (StuKo) und [&hellip;]<\/p>\n","protected":false},"author":20,"featured_media":0,"parent":0,"menu_order":1,"comment_status":"open","ping_status":"closed","template":"","meta":{"footnotes":""},"class_list":["post-981","page","type-page","status-publish","hentry"],"_links":{"self":[{"href":"https:\/\/fsrpowi.de\/index.php?rest_route=\/wp\/v2\/pages\/981","targetHints":{"allow":["GET"]}}],"collection":[{"href":"https:\/\/fsrpowi.de\/index.php?rest_route=\/wp\/v2\/pages"}],"about":[{"href":"https:\/\/fsrpowi.de\/index.php?rest_route=\/wp\/v2\/types\/page"}],"author":[{"embeddable":true,"href":"https:\/\/fsrpowi.de\/index.php?rest_route=\/wp\/v2\/users\/20"}],"replies":[{"embeddable":true,"href":"https:\/\/fsrpowi.de\/index.php?rest_route=%2Fwp%2Fv2%2Fcomments&post=981"}],"version-history":[{"count":7,"href":"https:\/\/fsrpowi.de\/index.php?rest_route=\/wp\/v2\/pages\/981\/revisions"}],"predecessor-version":[{"id":4277,"href":"https:\/\/fsrpowi.de\/index.php?rest_route=\/wp\/v2\/pages\/981\/revisions\/4277"}],"wp:attachment":[{"href":"https:\/\/fsrpowi.de\/index.php?rest_route=%2Fwp%2Fv2%2Fmedia&parent=981"}],"curies":[{"name":"wp","href":"https:\/\/api.w.org\/{rel}","templated":true}]}}